{"id":240,"date":"2026-03-13T15:05:39","date_gmt":"2026-03-13T15:05:39","guid":{"rendered":"https:\/\/franziska-eschrich.de\/?page_id=240"},"modified":"2026-03-13T15:16:42","modified_gmt":"2026-03-13T15:16:42","slug":"deep-reset-ganzheitliche-regeneration-fuer-frauen","status":"publish","type":"page","link":"https:\/\/franziska-eschrich.de\/?page_id=240","title":{"rendered":"Deep Reset &#8211; Ganzheitliche Regeneration f\u00fcr Frauen"},"content":{"rendered":"\n<figure class=\"wp-block-image size-large is-style-rounded\"><img loading=\"lazy\" decoding=\"async\" width=\"683\" height=\"1024\" src=\"https:\/\/franziska-eschrich.de\/wp-content\/uploads\/2026\/03\/file_000000002fcc72469a74cdc26788409d-683x1024.png\" alt=\"\" class=\"wp-image-243\" srcset=\"https:\/\/franziska-eschrich.de\/wp-content\/uploads\/2026\/03\/file_000000002fcc72469a74cdc26788409d-683x1024.png 683w, https:\/\/franziska-eschrich.de\/wp-content\/uploads\/2026\/03\/file_000000002fcc72469a74cdc26788409d-200x300.png 200w, https:\/\/franziska-eschrich.de\/wp-content\/uploads\/2026\/03\/file_000000002fcc72469a74cdc26788409d-768x1152.png 768w, https:\/\/franziska-eschrich.de\/wp-content\/uploads\/2026\/03\/file_000000002fcc72469a74cdc26788409d.png 1024w\" sizes=\"auto, (max-width: 683px) 100vw, 683px\" \/><\/figure>\n\n\n\n<p><strong>Ganzheitliche Einzelbehandlung f\u00fcr Frauen \u2013 Zeit nur f\u00fcr dich<\/strong><\/p>\n\n\n\n<p>Manchmal sp\u00fcren wir, dass K\u00f6rper und Seele eine Pause brauchen. Diese Einzelbehandlung ist ein gesch\u00fctzter Raum nur f\u00fcr dich \u2013 zum Loslassen, Auftanken und Wieder-in-Verbindung-Kommen mit dir selbst.<\/p>\n\n\n\n<p>In einer achtsamen, ruhigen Atmosph\u00e4re verbinde ich sanfte K\u00f6rperarbeit aus der Yogatherapie, bewusst gef\u00fchrte Atem\u00fcbungen und feine energetische Impulse. Dein K\u00f6rper darf sich entspannen, dein Atem wird ruhiger und dein Nervensystem kann in einen Zustand tiefer Regeneration finden.<\/p>\n\n\n\n<p>Sanfte, therapeutisch orientierte Bewegungen helfen dabei, Verspannungen zu l\u00f6sen und den K\u00f6rper wieder leichter und freier zu sp\u00fcren. Durch gezielte Atemarbeit entsteht mehr Raum im K\u00f6rper und im Geist. In einer anschlie\u00dfenden Phase tiefer Entspannung darfst du einfach empfangen, w\u00e4hrend durch achtsame Ber\u00fchrung und stille Pr\u00e4senz deine innere Balance unterst\u00fctzt wird.<\/p>\n\n\n\n<p>Viele Frauen erleben diese Behandlung als einen Moment des Innehaltens \u2013 eine Zeit, in der sie nichts leisten m\u00fcssen, sondern einfach sein d\u00fcrfen.<\/p>\n\n\n\n<p>Diese Sitzung kann dich dabei unterst\u00fctzen,<\/p>\n\n\n\n<p>\u2022 Selbstheilungskr\u00e4fte zu aktivieren &amp; Blockaden zu l\u00f6sen <br>\u2022 Stress und innere Unruhe loszulassen<br>\u2022 wieder mehr bei dir selbst anzukommen<br>\u2022 neue Energie und Klarheit zu sp\u00fcren<br>\u2022 deinem K\u00f6rper liebevolle Aufmerksamkeit zu schenken. <\/p>\n\n\n\n<p>Jede Sitzung ist individuell und richtet sich nach dem, was du gerade brauchst.<\/p>\n\n\n\n<p>&#x2728; <strong>Dauer:<\/strong> ca. 60 Minuten<br>&#x2728; <strong>Format:<\/strong> Einzelbehandlung<br>&#x2728; <strong>F\u00fcr Frauen, die sich eine tiefe Pause vom Alltag schenken m\u00f6chten<\/strong><\/p>\n\n\n\n<p><\/p>\n","protected":false},"excerpt":{"rendered":"<p>Ganzheitliche Einzelbehandlung f\u00fcr Frauen \u2013 Zeit nur f\u00fcr dich Manchmal sp\u00fcren wir, dass K\u00f6rper und Seele eine Pause brauchen. Diese Einzelbehandlung ist ein gesch\u00fctzter Raum nur f\u00fcr dich \u2013 zum Loslassen, Auftanken und Wieder-in-Verbindung-Kommen mit dir selbst. In einer achtsamen, ruhigen Atmosph\u00e4re verbinde ich sanfte K\u00f6rperarbeit aus der Yogatherapie, bewusst gef\u00fchrte Atem\u00fcbungen und feine energetische &hellip; <\/p>\n<p class=\"link-more\"><a href=\"https:\/\/franziska-eschrich.de\/?page_id=240\" class=\"more-link\"><span class=\"screen-reader-text\">\u201eDeep Reset &#8211; Ganzheitliche Regeneration f\u00fcr Frauen\u201c <\/span>weiterlesen<\/a><\/p>\n","protected":false},"author":1,"featured_media":0,"parent":0,"menu_order":0,"comment_status":"closed","ping_status":"closed","template":"","meta":{"footnotes":""},"class_list":["post-240","page","type-page","status-publish","hentry"],"_links":{"self":[{"href":"https:\/\/franziska-eschrich.de\/index.php?rest_route=\/wp\/v2\/pages\/240","targetHints":{"allow":["GET"]}}],"collection":[{"href":"https:\/\/franziska-eschrich.de\/index.php?rest_route=\/wp\/v2\/pages"}],"about":[{"href":"https:\/\/franziska-eschrich.de\/index.php?rest_route=\/wp\/v2\/types\/page"}],"author":[{"embeddable":true,"href":"https:\/\/franziska-eschrich.de\/index.php?rest_route=\/wp\/v2\/users\/1"}],"replies":[{"embeddable":true,"href":"https:\/\/franziska-eschrich.de\/index.php?rest_route=%2Fwp%2Fv2%2Fcomments&post=240"}],"version-history":[{"count":3,"href":"https:\/\/franziska-eschrich.de\/index.php?rest_route=\/wp\/v2\/pages\/240\/revisions"}],"predecessor-version":[{"id":250,"href":"https:\/\/franziska-eschrich.de\/index.php?rest_route=\/wp\/v2\/pages\/240\/revisions\/250"}],"wp:attachment":[{"href":"https:\/\/franziska-eschrich.de\/index.php?rest_route=%2Fwp%2Fv2%2Fmedia&parent=240"}],"curies":[{"name":"wp","href":"https:\/\/api.w.org\/{rel}","templated":true}]}}