{"id":37,"date":"2019-10-02T14:58:11","date_gmt":"2019-10-02T14:58:11","guid":{"rendered":"http:\/\/franziska-eschrich.de\/?page_id=37"},"modified":"2020-01-20T15:42:36","modified_gmt":"2020-01-20T15:42:36","slug":"impressum","status":"publish","type":"page","link":"https:\/\/franziska-eschrich.de\/?page_id=37","title":{"rendered":"Impressum"},"content":{"rendered":"\n<h2 class=\"wp-block-heading\"><\/h2>\n\n\n<p><!--StartFragment--><\/p>\n\n\n<p>Verantwortlicher f\u00fcr die Homepage (im Sinne des \u00a7 10 Abs. 3 MDStV)<br> <br>Franziska Eschrich <\/p>\n\n\n\n<p> <strong>HAFTUNGSAUSSCHLUSS<\/strong><br><br> Trotz sorgf\u00e4ltiger Kontrolle \u00fcbernehmen wir keine Haftung f\u00fcr die Inhalte externer Links. F\u00fcr den Inhalt der verlinkten Seiten sind ausschlie\u00dflich deren Betreiber verantwortlich.<br> <br> <strong>DATENSCHUTZHINWEIS<\/strong><br><br> Wenn Sie \u00fcber Email oder unser Webformular in Kontakt mit uns treten m\u00f6chten, sollten Sie wissen, dass wir Ihre pers\u00f6nlichen Daten, die Sie uns \u00fcbermitteln, elektronisch speichern, um sie f\u00fcr Kommunikationszwecke mit Ihnen zu verwenden. Wir werden Ihre Daten grunds\u00e4tzlich nicht an Dritte verkaufen oder vermieten. Eine \u00dcbermittlung an Dritte erfolgt nur mit Ihrer Einwilligung.<\/p>\n\n\n\n<h4 class=\"wp-block-heading\"><strong>DISCLAIMER<\/strong><\/h4>\n\n\n\n<p>Die bereitgestellten Informationen sind mit gro\u00dfer Sorgfalt erstellt worden. Fehler sind jedoch nicht v\u00f6llig auszuschlie\u00dfen. F\u00fcr Sch\u00e4den durch Nutzung fehlerhafter oder unvollst\u00e4ndiger Informationen haften wir nicht, es sei denn, es liegt vors\u00e4tzliches oder grob fahrl\u00e4ssiges Verschulden von uns, eines unserer gesetzlichen Vertreter oder einen unserer Erf\u00fcllungsgehilfen vor.<br> <br> Der Inhalt aller von uns verlinkten Webseiten wurde von uns \u00fcberpr\u00fcft. Diese haben nach unserer Kenntnis keinen rechtswidrigen, moralisch fragw\u00fcrdigen oder diffamierenden Inhalt. Da wir neue Inhalte nicht st\u00e4ndig \u00fcberpr\u00fcfen k\u00f6nnen, distanzieren wir uns hiermit ausdr\u00fccklich von s\u00e4mtlichen nachtr\u00e4glich ge\u00e4nderten\/erg\u00e4nzten Inhalten der verlinkten Seiten.<\/p>\n\n\n<p><!--EndFragment--><\/p>","protected":false},"excerpt":{"rendered":"<p>Verantwortlicher f\u00fcr die Homepage (im Sinne des \u00a7 10 Abs. 3 MDStV) Franziska Eschrich HAFTUNGSAUSSCHLUSS Trotz sorgf\u00e4ltiger Kontrolle \u00fcbernehmen wir keine Haftung f\u00fcr die Inhalte externer Links. F\u00fcr den Inhalt der verlinkten Seiten sind ausschlie\u00dflich deren Betreiber verantwortlich. DATENSCHUTZHINWEIS Wenn Sie \u00fcber Email oder unser Webformular in Kontakt mit uns treten m\u00f6chten, sollten Sie wissen, &hellip; <\/p>\n<p class=\"link-more\"><a href=\"https:\/\/franziska-eschrich.de\/?page_id=37\" class=\"more-link\"><span class=\"screen-reader-text\">\u201eImpressum\u201c <\/span>weiterlesen<\/a><\/p>\n","protected":false},"author":1,"featured_media":0,"parent":0,"menu_order":0,"comment_status":"closed","ping_status":"closed","template":"","meta":{"footnotes":""},"class_list":["post-37","page","type-page","status-publish","hentry"],"_links":{"self":[{"href":"https:\/\/franziska-eschrich.de\/index.php?rest_route=\/wp\/v2\/pages\/37","targetHints":{"allow":["GET"]}}],"collection":[{"href":"https:\/\/franziska-eschrich.de\/index.php?rest_route=\/wp\/v2\/pages"}],"about":[{"href":"https:\/\/franziska-eschrich.de\/index.php?rest_route=\/wp\/v2\/types\/page"}],"author":[{"embeddable":true,"href":"https:\/\/franziska-eschrich.de\/index.php?rest_route=\/wp\/v2\/users\/1"}],"replies":[{"embeddable":true,"href":"https:\/\/franziska-eschrich.de\/index.php?rest_route=%2Fwp%2Fv2%2Fcomments&post=37"}],"version-history":[{"count":2,"href":"https:\/\/franziska-eschrich.de\/index.php?rest_route=\/wp\/v2\/pages\/37\/revisions"}],"predecessor-version":[{"id":71,"href":"https:\/\/franziska-eschrich.de\/index.php?rest_route=\/wp\/v2\/pages\/37\/revisions\/71"}],"wp:attachment":[{"href":"https:\/\/franziska-eschrich.de\/index.php?rest_route=%2Fwp%2Fv2%2Fmedia&parent=37"}],"curies":[{"name":"wp","href":"https:\/\/api.w.org\/{rel}","templated":true}]}}