{"id":8,"date":"2019-10-02T14:34:58","date_gmt":"2019-10-02T14:34:58","guid":{"rendered":"http:\/\/franziska-eschrich.de\/?page_id=8"},"modified":"2026-03-13T13:53:21","modified_gmt":"2026-03-13T13:53:21","slug":"herzlich-willkommen","status":"publish","type":"page","link":"https:\/\/franziska-eschrich.de\/","title":{"rendered":"Herzlich Willkommen"},"content":{"rendered":"\n<figure class=\"wp-block-image size-large is-style-rounded\"><img loading=\"lazy\" decoding=\"async\" width=\"683\" height=\"1024\" src=\"https:\/\/franziska-eschrich.de\/wp-content\/uploads\/2026\/03\/file_00000000eda8724393d36c82a7046c71-683x1024.png\" alt=\"\" class=\"wp-image-229\" srcset=\"https:\/\/franziska-eschrich.de\/wp-content\/uploads\/2026\/03\/file_00000000eda8724393d36c82a7046c71-683x1024.png 683w, https:\/\/franziska-eschrich.de\/wp-content\/uploads\/2026\/03\/file_00000000eda8724393d36c82a7046c71-200x300.png 200w, https:\/\/franziska-eschrich.de\/wp-content\/uploads\/2026\/03\/file_00000000eda8724393d36c82a7046c71-768x1152.png 768w, https:\/\/franziska-eschrich.de\/wp-content\/uploads\/2026\/03\/file_00000000eda8724393d36c82a7046c71.png 1024w\" sizes=\"auto, (max-width: 683px) 100vw, 683px\" \/><\/figure>\n\n\n\n<p><strong>\u00dcber mich<\/strong><\/p>\n\n\n\n<p><br>Mein Name ist Franziska, Jahrgang 1979. Ich lebe mit meiner Familie l\u00e4ndlich in der N\u00e4he von Schwerin \u2013 umgeben von Natur, Weite und Ruhe. Dieser Ort ist f\u00fcr mich eine wichtige Kraftquelle und pr\u00e4gt auch meine Arbeit als Yogalehrerin.<\/p>\n\n\n\n<p><br>Ich bin verheiratet und Mutter von zwei erwachsenen Kindern. Zu unserem Alltag geh\u00f6ren au\u00dferdem zwei Hunde und eine Katze, die mich t\u00e4glich daran erinnern, wie wertvoll Achtsamkeit, Pr\u00e4senz und kleine Momente der Ruhe sind.<\/p>\n\n\n\n<p><br><strong>Yoga mit Herz und Achtsamkeit<\/strong><\/p>\n\n\n\n<p><br>Als Yogalehrerin mit Herz begleite ich Menschen auf ihrem Weg zu mehr Balance, Gelassenheit und innerer St\u00e4rke. F\u00fcr mich ist Yoga weit mehr als k\u00f6rperliche Bewegung \u2013 es ist eine Einladung, wieder bewusst im eigenen K\u00f6rper anzukommen und sich selbst mit Freundlichkeit zu begegnen.<\/p>\n\n\n\n<p><br>In meinen Stunden geht es nicht um Leistung oder Perfektion. Viel wichtiger ist mir ein achtsamer und respektvoller Umgang mit dem eigenen K\u00f6rper. Jeder Mensch bringt seine eigene Geschichte, seine eigenen Bed\u00fcrfnisse und sein eigenes Tempo mit \u2013 und genau daf\u00fcr m\u00f6chte ich Raum schaffen.<\/p>\n\n\n\n<p><br><strong>Feinf\u00fchlig begleiten<\/strong><\/p>\n\n\n\n<p><br>Ich bin ein hochsensibler, empathischer und feinf\u00fchliger Mensch. Diese Eigenschaften empfinde ich als wertvolles Geschenk f\u00fcr meine Arbeit. Sie erm\u00f6glichen mir, Menschen aufmerksam wahrzunehmen und eine Atmosph\u00e4re zu schaffen, in der Vertrauen, Entspannung und echtes Ankommen m\u00f6glich sind.<\/p>\n\n\n\n<p><br>Mein Anliegen ist es, einen gesch\u00fctzten Raum zu gestalten, in dem du loslassen, auftanken und wieder mehr Verbindung zu dir selbst sp\u00fcren kannst.<\/p>\n\n\n\n<p><br><strong>Meine Einladung an dich<\/strong><\/p>\n\n\n\n<p><br>Yoga kann ein Weg sein, wieder mehr Ruhe, Klarheit und Kraft im Alltag zu finden.<br>Ich freue mich, wenn ich dich ein St\u00fcck auf diesem Weg begleiten darf.<\/p>\n\n\n\n<p><br>&#x1f9d8;&#x200d;&#x2640;&#xfe0f; <strong>Von Herzen \u2013 Franziska &#x1f33f;<\/strong><\/p>\n\n\n\n<p><\/p>\n","protected":false},"excerpt":{"rendered":"<p>\u00dcber mich Mein Name ist Franziska, Jahrgang 1979. Ich lebe mit meiner Familie l\u00e4ndlich in der N\u00e4he von Schwerin \u2013 umgeben von Natur, Weite und Ruhe. Dieser Ort ist f\u00fcr mich eine wichtige Kraftquelle und pr\u00e4gt auch meine Arbeit als Yogalehrerin. Ich bin verheiratet und Mutter von zwei erwachsenen Kindern. Zu unserem Alltag geh\u00f6ren au\u00dferdem &hellip; <\/p>\n<p class=\"link-more\"><a href=\"https:\/\/franziska-eschrich.de\/\" class=\"more-link\"><span class=\"screen-reader-text\">\u201eHerzlich Willkommen\u201c <\/span>weiterlesen<\/a><\/p>\n","protected":false},"author":1,"featured_media":0,"parent":0,"menu_order":0,"comment_status":"closed","ping_status":"closed","template":"","meta":{"footnotes":""},"class_list":["post-8","page","type-page","status-publish","hentry"],"_links":{"self":[{"href":"https:\/\/franziska-eschrich.de\/index.php?rest_route=\/wp\/v2\/pages\/8","targetHints":{"allow":["GET"]}}],"collection":[{"href":"https:\/\/franziska-eschrich.de\/index.php?rest_route=\/wp\/v2\/pages"}],"about":[{"href":"https:\/\/franziska-eschrich.de\/index.php?rest_route=\/wp\/v2\/types\/page"}],"author":[{"embeddable":true,"href":"https:\/\/franziska-eschrich.de\/index.php?rest_route=\/wp\/v2\/users\/1"}],"replies":[{"embeddable":true,"href":"https:\/\/franziska-eschrich.de\/index.php?rest_route=%2Fwp%2Fv2%2Fcomments&post=8"}],"version-history":[{"count":5,"href":"https:\/\/franziska-eschrich.de\/index.php?rest_route=\/wp\/v2\/pages\/8\/revisions"}],"predecessor-version":[{"id":230,"href":"https:\/\/franziska-eschrich.de\/index.php?rest_route=\/wp\/v2\/pages\/8\/revisions\/230"}],"wp:attachment":[{"href":"https:\/\/franziska-eschrich.de\/index.php?rest_route=%2Fwp%2Fv2%2Fmedia&parent=8"}],"curies":[{"name":"wp","href":"https:\/\/api.w.org\/{rel}","templated":true}]}}